{"id":409,"date":"2023-10-17T10:57:43","date_gmt":"2023-10-17T14:57:43","guid":{"rendered":"https:\/\/tradoscribe.molecularcodedev.com\/accueil\/"},"modified":"2025-02-12T00:52:50","modified_gmt":"2025-02-12T05:52:50","slug":"accueil","status":"publish","type":"page","link":"https:\/\/tradoscribe.molecularcodedev.com\/fr\/","title":{"rendered":"Accueil"},"content":{"rendered":"<p>[et_pb_section fb_built=\u00a0\u00bb1&Prime; admin_label=\u00a0\u00bbsection\u00a0\u00bb _builder_version=\u00a0\u00bb4.23.4&Prime; background_color=\u00a0\u00bb#1F497D\u00a0\u00bb background_enable_image=\u00a0\u00bboff\u00a0\u00bb parallax=\u00a0\u00bbon\u00a0\u00bb global_colors_info=\u00a0\u00bb{}\u00a0\u00bb][et_pb_row admin_label=\u00a0\u00bbrang\u00e9e\u00a0\u00bb _builder_version=\u00a0\u00bb4.16&Prime; background_size=\u00a0\u00bbinitial\u00a0\u00bb background_position=\u00a0\u00bbtop_left\u00a0\u00bb background_repeat=\u00a0\u00bbrepeat\u00a0\u00bb global_colors_info=\u00a0\u00bb{}\u00a0\u00bb][et_pb_column type=\u00a0\u00bb4_4&Prime; _builder_version=\u00a0\u00bb4.16&Prime; custom_padding=\u00a0\u00bb|||\u00a0\u00bb global_colors_info=\u00a0\u00bb{}\u00a0\u00bb custom_padding__hover=\u00a0\u00bb|||\u00a0\u00bb][et_pb_heading title=\u00a0\u00bbBienvenue \u00e0 mon site Web. Je vous fournirai un service de qualit\u00e9 sup\u00e9rieure dans la traduction, la r\u00e9daction et la composition de vos documents.\u00a0\u00bb _builder_version=\u00a0\u00bb4.27.4&Prime; _module_preset=\u00a0\u00bbdefault\u00a0\u00bb title_font=\u00a0\u00bbTimes New Roman|300|||||||\u00a0\u00bb title_text_align=\u00a0\u00bbcenter\u00a0\u00bb title_text_color=\u00a0\u00bb#FFFFFF\u00a0\u00bb title_font_size=\u00a0\u00bb36px\u00a0\u00bb title_letter_spacing=\u00a0\u00bb0.1px\u00a0\u00bb title_line_height=\u00a0\u00bb1.4em\u00a0\u00bb background_enable_color=\u00a0\u00bboff\u00a0\u00bb max_width=\u00a0\u00bb800px\u00a0\u00bb module_alignment=\u00a0\u00bbcenter\u00a0\u00bb custom_padding=\u00a0\u00bb30px|45px|30px|45px|false|false\u00a0\u00bb hover_enabled=\u00a0\u00bb0&Prime; border_color_all=\u00a0\u00bb#FFFFFF\u00a0\u00bb global_colors_info=\u00a0\u00bb{}\u00a0\u00bb sticky_enabled=\u00a0\u00bb0&Prime;][\/et_pb_heading][\/et_pb_column][\/et_pb_row][\/et_pb_section][et_pb_section fb_built=\u00a0\u00bb1&Prime; admin_label=\u00a0\u00bbsection\u00a0\u00bb _builder_version=\u00a0\u00bb4.16&Prime; global_colors_info=\u00a0\u00bb{}\u00a0\u00bb][et_pb_row admin_label=\u00a0\u00bbrang\u00e9e\u00a0\u00bb _builder_version=\u00a0\u00bb4.16&Prime; background_size=\u00a0\u00bbinitial\u00a0\u00bb background_position=\u00a0\u00bbtop_left\u00a0\u00bb background_repeat=\u00a0\u00bbrepeat\u00a0\u00bb global_colors_info=\u00a0\u00bb{}\u00a0\u00bb][et_pb_column type=\u00a0\u00bb4_4&Prime; _builder_version=\u00a0\u00bb4.16&Prime; custom_padding=\u00a0\u00bb|||\u00a0\u00bb global_colors_info=\u00a0\u00bb{}\u00a0\u00bb custom_padding__hover=\u00a0\u00bb|||\u00a0\u00bb][et_pb_text _builder_version=\u00a0\u00bb4.27.4&Prime; _module_preset=\u00a0\u00bbdefault\u00a0\u00bb text_font_size=\u00a0\u00bb18px\u00a0\u00bb max_width=\u00a0\u00bb700px\u00a0\u00bb module_alignment=\u00a0\u00bbcenter\u00a0\u00bb hover_enabled=\u00a0\u00bb0&Prime; global_colors_info=\u00a0\u00bb{}\u00a0\u00bb sticky_enabled=\u00a0\u00bb0&Prime;]<\/p>\n<h2 style=\"text-align: center;\">Votre traduction, votre r\u00e9vision et votre composition seront effectu\u00e9es avec une grande pr\u00e9cision. Pour en savoir plus, n&rsquo;h\u00e9sitez pas \u00e0 <a href=\"https:\/\/tradoscribe.molecularcodedev.com\/fr\/contact\/\">communiquer<\/a> avec moi. D\u00e9couvrez la qualit\u00e9 d&rsquo;un texte bien \u00e9crit.<\/h2>\n<p>[\/et_pb_text][\/et_pb_column][\/et_pb_row][\/et_pb_section][et_pb_section fb_built=\u00a0\u00bb1&Prime; admin_label=\u00a0\u00bbsection\u00a0\u00bb _builder_version=\u00a0\u00bb4.24.0&Prime; background_image=\u00a0\u00bbhttps:\/\/tradoscribe.molecularcodedev.com\/wp-content\/uploads\/2024\/01\/paper-min.jpg\u00a0\u00bb background_position=\u00a0\u00bbcenter_left\u00a0\u00bb custom_margin=\u00a0\u00bb0px||||false|false\u00a0\u00bb custom_padding=\u00a0\u00bb0px||||false|false\u00a0\u00bb global_colors_info=\u00a0\u00bb{}\u00a0\u00bb][et_pb_row _builder_version=\u00a0\u00bb4.24.0&Prime; _module_preset=\u00a0\u00bbdefault\u00a0\u00bb global_colors_info=\u00a0\u00bb{}\u00a0\u00bb][et_pb_column type=\u00a0\u00bb4_4&Prime; _builder_version=\u00a0\u00bb4.24.0&Prime; _module_preset=\u00a0\u00bbdefault\u00a0\u00bb global_colors_info=\u00a0\u00bb{}\u00a0\u00bb][et_pb_heading title=\u00a0\u00bbServices de conseil\u00a0\u00bb _builder_version=\u00a0\u00bb4.24.3&Prime; _module_preset=\u00a0\u00bbdefault\u00a0\u00bb title_level=\u00a0\u00bbh2&Prime; title_font=\u00a0\u00bbTimes New Roman||||||||\u00a0\u00bb title_text_align=\u00a0\u00bbcenter\u00a0\u00bb title_text_color=\u00a0\u00bb#1F497D\u00a0\u00bb title_font_size=\u00a0\u00bb36px\u00a0\u00bb global_colors_info=\u00a0\u00bb{}\u00a0\u00bb][\/et_pb_heading][\/et_pb_column][\/et_pb_row][et_pb_row column_structure=\u00a0\u00bb1_3,1_3,1_3&Prime; _builder_version=\u00a0\u00bb4.24.0&Prime; _module_preset=\u00a0\u00bbdefault\u00a0\u00bb global_colors_info=\u00a0\u00bb{}\u00a0\u00bb][et_pb_column type=\u00a0\u00bb1_3&Prime; _builder_version=\u00a0\u00bb4.24.0&Prime; _module_preset=\u00a0\u00bbdefault\u00a0\u00bb global_colors_info=\u00a0\u00bb{}\u00a0\u00bb][et_pb_cta title=\u00a0\u00bbServices de traduction\u00a0\u00bb button_url=\u00a0\u00bbhttps:\/\/tradoscribe.molecularcodedev.com\/fr\/services-de-conseil\/#translationServices\u00a0\u00bb button_text=\u00a0\u00bbEn savoir plus\u00a0\u00bb _builder_version=\u00a0\u00bb4.24.0&Prime; _module_preset=\u00a0\u00bbdefault\u00a0\u00bb body_text_align=\u00a0\u00bbcenter\u00a0\u00bb body_text_color=\u00a0\u00bb#FFFFFF\u00a0\u00bb body_font_size=\u00a0\u00bb12px\u00a0\u00bb custom_button=\u00a0\u00bbon\u00a0\u00bb button_text_size=\u00a0\u00bb14px\u00a0\u00bb button_text_color=\u00a0\u00bb#FFFFFF\u00a0\u00bb button_border_color=\u00a0\u00bb#FFFFFF\u00a0\u00bb button_use_icon=\u00a0\u00bboff\u00a0\u00bb button_alignment=\u00a0\u00bbcenter\u00a0\u00bb global_colors_info=\u00a0\u00bb{}\u00a0\u00bb][\/et_pb_cta][\/et_pb_column][et_pb_column type=\u00a0\u00bb1_3&Prime; _builder_version=\u00a0\u00bb4.24.0&Prime; _module_preset=\u00a0\u00bbdefault\u00a0\u00bb global_colors_info=\u00a0\u00bb{}\u00a0\u00bb][et_pb_cta title=\u00a0\u00bbR\u00e9vision de documents\u00a0\u00bb button_url=\u00a0\u00bbhttps:\/\/tradoscribe.molecularcodedev.com\/fr\/services-de-conseil\/#documentEditing\u00a0\u00bb button_text=\u00a0\u00bbEn savoir plus\u00a0\u00bb _builder_version=\u00a0\u00bb4.27.4&Prime; _module_preset=\u00a0\u00bbdefault\u00a0\u00bb body_text_align=\u00a0\u00bbcenter\u00a0\u00bb body_text_color=\u00a0\u00bb#FFFFFF\u00a0\u00bb body_font_size=\u00a0\u00bb12px\u00a0\u00bb custom_button=\u00a0\u00bbon\u00a0\u00bb button_text_size=\u00a0\u00bb14px\u00a0\u00bb button_text_color=\u00a0\u00bb#FFFFFF\u00a0\u00bb button_border_color=\u00a0\u00bb#FFFFFF\u00a0\u00bb button_use_icon=\u00a0\u00bboff\u00a0\u00bb button_alignment=\u00a0\u00bbcenter\u00a0\u00bb hover_enabled=\u00a0\u00bb0&Prime; global_colors_info=\u00a0\u00bb{}\u00a0\u00bb sticky_enabled=\u00a0\u00bb0&Prime;][\/et_pb_cta][\/et_pb_column][et_pb_column type=\u00a0\u00bb1_3&Prime; _builder_version=\u00a0\u00bb4.24.0&Prime; _module_preset=\u00a0\u00bbdefault\u00a0\u00bb global_colors_info=\u00a0\u00bb{}\u00a0\u00bb][et_pb_cta title=\u00a0\u00bbComposition de documents\u00a0\u00bb button_url=\u00a0\u00bbhttps:\/\/tradoscribe.molecularcodedev.com\/fr\/services-de-conseil\/#documentCreation\u00a0\u00bb button_text=\u00a0\u00bbEn savoir plus\u00a0\u00bb _builder_version=\u00a0\u00bb4.27.4&Prime; _module_preset=\u00a0\u00bbdefault\u00a0\u00bb body_text_align=\u00a0\u00bbcenter\u00a0\u00bb body_text_color=\u00a0\u00bb#FFFFFF\u00a0\u00bb body_font_size=\u00a0\u00bb12px\u00a0\u00bb custom_button=\u00a0\u00bbon\u00a0\u00bb button_text_size=\u00a0\u00bb14px\u00a0\u00bb button_text_color=\u00a0\u00bb#FFFFFF\u00a0\u00bb button_border_color=\u00a0\u00bb#FFFFFF\u00a0\u00bb button_use_icon=\u00a0\u00bboff\u00a0\u00bb button_alignment=\u00a0\u00bbcenter\u00a0\u00bb hover_enabled=\u00a0\u00bb0&Prime; global_colors_info=\u00a0\u00bb{}\u00a0\u00bb sticky_enabled=\u00a0\u00bb0&Prime;][\/et_pb_cta][\/et_pb_column][\/et_pb_row][\/et_pb_section]<\/p>\n","protected":false},"excerpt":{"rendered":"<p>Votre traduction, votre r\u00e9vision et votre composition seront effectu\u00e9es avec une grande pr\u00e9cision. Pour en savoir plus, n&rsquo;h\u00e9sitez pas \u00e0 communiquer avec moi. D\u00e9couvrez la qualit\u00e9 d&rsquo;un texte bien \u00e9crit.<\/p>\n","protected":false},"author":2,"featured_media":0,"parent":0,"menu_order":0,"comment_status":"closed","ping_status":"closed","template":"","meta":{"_et_pb_use_builder":"on","_et_pb_old_content":"","_et_gb_content_width":"","footnotes":""},"class_list":["post-409","page","type-page","status-publish","hentry"],"yoast_head":"<!-- This site is optimized with the Yoast SEO plugin v27.3 - https:\/\/yoast.com\/product\/yoast-seo-wordpress\/ -->\n<title>Accueil - Edouard Robitaille<\/title>\n<meta name=\"description\" content=\"Je vous fournirai un service de qualit\u00e9 pour la traduction et la composition de vos documents en fran\u00e7ais et en anglais.\" \/>\n<meta name=\"robots\" content=\"noindex, follow, max-snippet:-1, max-image-preview:large, max-video-preview:-1\" \/>\n<meta property=\"og:locale\" content=\"fr_FR\" \/>\n<meta property=\"og:type\" content=\"article\" \/>\n<meta property=\"og:title\" content=\"Accueil - Edouard Robitaille\" \/>\n<meta property=\"og:description\" content=\"Je vous fournirai un service de qualit\u00e9 pour la traduction et la composition de vos documents en fran\u00e7ais et en anglais.\" \/>\n<meta property=\"og:url\" content=\"https:\/\/tradoscribe.molecularcodedev.com\/fr\/\" \/>\n<meta property=\"og:site_name\" content=\"Edouard Robitaille\" \/>\n<meta property=\"article:modified_time\" content=\"2025-02-12T05:52:50+00:00\" \/>\n<meta name=\"twitter:card\" content=\"summary_large_image\" \/>\n<meta name=\"twitter:label1\" content=\"Dur\u00e9e de lecture estim\u00e9e\" \/>\n\t<meta name=\"twitter:data1\" content=\"3 minutes\" \/>\n<script type=\"application\/ld+json\" class=\"yoast-schema-graph\">{\"@context\":\"https:\\\/\\\/schema.org\",\"@graph\":[{\"@type\":\"WebPage\",\"@id\":\"https:\\\/\\\/tradoscribe.molecularcodedev.com\\\/fr\\\/\",\"url\":\"https:\\\/\\\/tradoscribe.molecularcodedev.com\\\/fr\\\/\",\"name\":\"Accueil - Edouard Robitaille\",\"isPartOf\":{\"@id\":\"https:\\\/\\\/tradoscribe.molecularcodedev.com\\\/fr\\\/#website\"},\"datePublished\":\"2023-10-17T14:57:43+00:00\",\"dateModified\":\"2025-02-12T05:52:50+00:00\",\"description\":\"Je vous fournirai un service de qualit\u00e9 pour la traduction et la composition de vos documents en fran\u00e7ais et en anglais.\",\"breadcrumb\":{\"@id\":\"https:\\\/\\\/tradoscribe.molecularcodedev.com\\\/fr\\\/#breadcrumb\"},\"inLanguage\":\"fr-FR\",\"potentialAction\":[{\"@type\":\"ReadAction\",\"target\":[\"https:\\\/\\\/tradoscribe.molecularcodedev.com\\\/fr\\\/\"]}]},{\"@type\":\"BreadcrumbList\",\"@id\":\"https:\\\/\\\/tradoscribe.molecularcodedev.com\\\/fr\\\/#breadcrumb\",\"itemListElement\":[{\"@type\":\"ListItem\",\"position\":1,\"name\":\"Home\",\"item\":\"https:\\\/\\\/tradoscribe.molecularcodedev.com\\\/fr\\\/\"},{\"@type\":\"ListItem\",\"position\":2,\"name\":\"Accueil\"}]},{\"@type\":\"WebSite\",\"@id\":\"https:\\\/\\\/tradoscribe.molecularcodedev.com\\\/fr\\\/#website\",\"url\":\"https:\\\/\\\/tradoscribe.molecularcodedev.com\\\/fr\\\/\",\"name\":\"TraDoScribe\",\"description\":\"French \\\/ English Translation\",\"publisher\":{\"@id\":\"https:\\\/\\\/tradoscribe.molecularcodedev.com\\\/fr\\\/#organization\"},\"potentialAction\":[{\"@type\":\"SearchAction\",\"target\":{\"@type\":\"EntryPoint\",\"urlTemplate\":\"https:\\\/\\\/tradoscribe.molecularcodedev.com\\\/fr\\\/?s={search_term_string}\"},\"query-input\":{\"@type\":\"PropertyValueSpecification\",\"valueRequired\":true,\"valueName\":\"search_term_string\"}}],\"inLanguage\":\"fr-FR\"},{\"@type\":\"Organization\",\"@id\":\"https:\\\/\\\/tradoscribe.molecularcodedev.com\\\/fr\\\/#organization\",\"name\":\"TraDoScribe\",\"url\":\"https:\\\/\\\/tradoscribe.molecularcodedev.com\\\/fr\\\/\",\"logo\":{\"@type\":\"ImageObject\",\"inLanguage\":\"fr-FR\",\"@id\":\"https:\\\/\\\/tradoscribe.molecularcodedev.com\\\/fr\\\/#\\\/schema\\\/logo\\\/image\\\/\",\"url\":\"https:\\\/\\\/tradoscribe.molecularcodedev.com\\\/wp-content\\\/uploads\\\/2023\\\/10\\\/logo.jpg\",\"contentUrl\":\"https:\\\/\\\/tradoscribe.molecularcodedev.com\\\/wp-content\\\/uploads\\\/2023\\\/10\\\/logo.jpg\",\"width\":760,\"height\":97,\"caption\":\"TraDoScribe\"},\"image\":{\"@id\":\"https:\\\/\\\/tradoscribe.molecularcodedev.com\\\/fr\\\/#\\\/schema\\\/logo\\\/image\\\/\"},\"sameAs\":[\"https:\\\/\\\/ca.linkedin.com\\\/in\\\/tradoscribe\"]}]}<\/script>\n<!-- \/ Yoast SEO plugin. -->","yoast_head_json":{"title":"Accueil - Edouard Robitaille","description":"Je vous fournirai un service de qualit\u00e9 pour la traduction et la composition de vos documents en fran\u00e7ais et en anglais.","robots":{"index":"noindex","follow":"follow","max-snippet":"max-snippet:-1","max-image-preview":"max-image-preview:large","max-video-preview":"max-video-preview:-1"},"og_locale":"fr_FR","og_type":"article","og_title":"Accueil - Edouard Robitaille","og_description":"Je vous fournirai un service de qualit\u00e9 pour la traduction et la composition de vos documents en fran\u00e7ais et en anglais.","og_url":"https:\/\/tradoscribe.molecularcodedev.com\/fr\/","og_site_name":"Edouard Robitaille","article_modified_time":"2025-02-12T05:52:50+00:00","twitter_card":"summary_large_image","twitter_misc":{"Dur\u00e9e de lecture estim\u00e9e":"3 minutes"},"schema":{"@context":"https:\/\/schema.org","@graph":[{"@type":"WebPage","@id":"https:\/\/tradoscribe.molecularcodedev.com\/fr\/","url":"https:\/\/tradoscribe.molecularcodedev.com\/fr\/","name":"Accueil - Edouard Robitaille","isPartOf":{"@id":"https:\/\/tradoscribe.molecularcodedev.com\/fr\/#website"},"datePublished":"2023-10-17T14:57:43+00:00","dateModified":"2025-02-12T05:52:50+00:00","description":"Je vous fournirai un service de qualit\u00e9 pour la traduction et la composition de vos documents en fran\u00e7ais et en anglais.","breadcrumb":{"@id":"https:\/\/tradoscribe.molecularcodedev.com\/fr\/#breadcrumb"},"inLanguage":"fr-FR","potentialAction":[{"@type":"ReadAction","target":["https:\/\/tradoscribe.molecularcodedev.com\/fr\/"]}]},{"@type":"BreadcrumbList","@id":"https:\/\/tradoscribe.molecularcodedev.com\/fr\/#breadcrumb","itemListElement":[{"@type":"ListItem","position":1,"name":"Home","item":"https:\/\/tradoscribe.molecularcodedev.com\/fr\/"},{"@type":"ListItem","position":2,"name":"Accueil"}]},{"@type":"WebSite","@id":"https:\/\/tradoscribe.molecularcodedev.com\/fr\/#website","url":"https:\/\/tradoscribe.molecularcodedev.com\/fr\/","name":"TraDoScribe","description":"French \/ English Translation","publisher":{"@id":"https:\/\/tradoscribe.molecularcodedev.com\/fr\/#organization"},"potentialAction":[{"@type":"SearchAction","target":{"@type":"EntryPoint","urlTemplate":"https:\/\/tradoscribe.molecularcodedev.com\/fr\/?s={search_term_string}"},"query-input":{"@type":"PropertyValueSpecification","valueRequired":true,"valueName":"search_term_string"}}],"inLanguage":"fr-FR"},{"@type":"Organization","@id":"https:\/\/tradoscribe.molecularcodedev.com\/fr\/#organization","name":"TraDoScribe","url":"https:\/\/tradoscribe.molecularcodedev.com\/fr\/","logo":{"@type":"ImageObject","inLanguage":"fr-FR","@id":"https:\/\/tradoscribe.molecularcodedev.com\/fr\/#\/schema\/logo\/image\/","url":"https:\/\/tradoscribe.molecularcodedev.com\/wp-content\/uploads\/2023\/10\/logo.jpg","contentUrl":"https:\/\/tradoscribe.molecularcodedev.com\/wp-content\/uploads\/2023\/10\/logo.jpg","width":760,"height":97,"caption":"TraDoScribe"},"image":{"@id":"https:\/\/tradoscribe.molecularcodedev.com\/fr\/#\/schema\/logo\/image\/"},"sameAs":["https:\/\/ca.linkedin.com\/in\/tradoscribe"]}]}},"_links":{"self":[{"href":"https:\/\/tradoscribe.molecularcodedev.com\/fr\/wp-json\/wp\/v2\/pages\/409","targetHints":{"allow":["GET"]}}],"collection":[{"href":"https:\/\/tradoscribe.molecularcodedev.com\/fr\/wp-json\/wp\/v2\/pages"}],"about":[{"href":"https:\/\/tradoscribe.molecularcodedev.com\/fr\/wp-json\/wp\/v2\/types\/page"}],"author":[{"embeddable":true,"href":"https:\/\/tradoscribe.molecularcodedev.com\/fr\/wp-json\/wp\/v2\/users\/2"}],"replies":[{"embeddable":true,"href":"https:\/\/tradoscribe.molecularcodedev.com\/fr\/wp-json\/wp\/v2\/comments?post=409"}],"version-history":[{"count":15,"href":"https:\/\/tradoscribe.molecularcodedev.com\/fr\/wp-json\/wp\/v2\/pages\/409\/revisions"}],"predecessor-version":[{"id":466,"href":"https:\/\/tradoscribe.molecularcodedev.com\/fr\/wp-json\/wp\/v2\/pages\/409\/revisions\/466"}],"wp:attachment":[{"href":"https:\/\/tradoscribe.molecularcodedev.com\/fr\/wp-json\/wp\/v2\/media?parent=409"}],"curies":[{"name":"wp","href":"https:\/\/api.w.org\/{rel}","templated":true}]}}