{"id":425,"date":"2023-10-17T11:03:33","date_gmt":"2023-10-17T15:03:33","guid":{"rendered":"https:\/\/tradoscribe.molecularcodedev.com\/services-de-conseil\/"},"modified":"2025-02-12T00:57:23","modified_gmt":"2025-02-12T05:57:23","slug":"services-de-conseil","status":"publish","type":"page","link":"https:\/\/tradoscribe.molecularcodedev.com\/fr\/services-de-conseil\/","title":{"rendered":"Services de conseil"},"content":{"rendered":"<p>[et_pb_section fb_built=\u00a0\u00bb1&Prime; _builder_version=\u00a0\u00bb4.24.0&Prime; _module_preset=\u00a0\u00bbdefault\u00a0\u00bb custom_padding=\u00a0\u00bb||45px||false|false\u00a0\u00bb global_colors_info=\u00a0\u00bb{}\u00a0\u00bb][et_pb_row column_structure=\u00a0\u00bb1_2,1_2&Prime; _builder_version=\u00a0\u00bb4.24.0&Prime; _module_preset=\u00a0\u00bbdefault\u00a0\u00bb global_colors_info=\u00a0\u00bb{}\u00a0\u00bb][et_pb_column type=\u00a0\u00bb1_2&Prime; _builder_version=\u00a0\u00bb4.24.0&Prime; _module_preset=\u00a0\u00bbdefault\u00a0\u00bb global_colors_info=\u00a0\u00bb{}\u00a0\u00bb][et_pb_image src=\u00a0\u00bbhttps:\/\/tradoscribe.molecularcodedev.com\/wp-content\/uploads\/2024\/01\/pen-and-paper-800-min.jpg\u00a0\u00bb alt=\u00a0\u00bbUn stylo sur une feuille de papier lign\u00e9e.\u00a0\u00bb title_text=\u00a0\u00bbpen-and-paper-800-min\u00a0\u00bb _builder_version=\u00a0\u00bb4.24.0&Prime; _module_preset=\u00a0\u00bbdefault\u00a0\u00bb global_colors_info=\u00a0\u00bb{}\u00a0\u00bb][\/et_pb_image][\/et_pb_column][et_pb_column type=\u00a0\u00bb1_2&Prime; _builder_version=\u00a0\u00bb4.24.0&Prime; _module_preset=\u00a0\u00bbdefault\u00a0\u00bb global_colors_info=\u00a0\u00bb{}\u00a0\u00bb][et_pb_heading title=\u00a0\u00bbServices\u00a0\u00bb module_class=\u00a0\u00bbboxCorners\u00a0\u00bb _builder_version=\u00a0\u00bb4.25.0&Prime; _module_preset=\u00a0\u00bbdefault\u00a0\u00bb title_font=\u00a0\u00bbTimes New Roman||||||||\u00a0\u00bb title_text_align=\u00a0\u00bbcenter\u00a0\u00bb title_text_color=\u00a0\u00bb#1F497D\u00a0\u00bb title_font_size=\u00a0\u00bb60px\u00a0\u00bb background_enable_color=\u00a0\u00bboff\u00a0\u00bb custom_margin=\u00a0\u00bb100px||90px||false|false\u00a0\u00bb global_colors_info=\u00a0\u00bb{}\u00a0\u00bb][\/et_pb_heading][et_pb_heading title=\u00a0\u00bbJe propose un large \u00e9ventail de services de traduction, de r\u00e9vision et de r\u00e9daction.\u00a0\u00bb _builder_version=\u00a0\u00bb4.27.4&Prime; _module_preset=\u00a0\u00bbdefault\u00a0\u00bb title_level=\u00a0\u00bbh3&Prime; hover_enabled=\u00a0\u00bb0&Prime; global_colors_info=\u00a0\u00bb{}\u00a0\u00bb sticky_enabled=\u00a0\u00bb0&Prime;][\/et_pb_heading][\/et_pb_column][\/et_pb_row][\/et_pb_section][et_pb_section fb_built=\u00a0\u00bb1&Prime; module_id=\u00a0\u00bbtranslationServices\u00a0\u00bb _builder_version=\u00a0\u00bb4.24.0&Prime; background_color=\u00a0\u00bb#f7f7f7&Prime; custom_padding=\u00a0\u00bb45px||45px||false|false\u00a0\u00bb global_colors_info=\u00a0\u00bb{}\u00a0\u00bb][et_pb_row _builder_version=\u00a0\u00bb4.16&Prime; background_size=\u00a0\u00bbinitial\u00a0\u00bb background_position=\u00a0\u00bbtop_left\u00a0\u00bb background_repeat=\u00a0\u00bbrepeat\u00a0\u00bb global_colors_info=\u00a0\u00bb{}\u00a0\u00bb][et_pb_column type=\u00a0\u00bb4_4&Prime; _builder_version=\u00a0\u00bb4.16&Prime; custom_padding=\u00a0\u00bb|||\u00a0\u00bb global_colors_info=\u00a0\u00bb{}\u00a0\u00bb custom_padding__hover=\u00a0\u00bb|||\u00a0\u00bb][et_pb_heading title=\u00a0\u00bbServices de traduction\u00a0\u00bb _builder_version=\u00a0\u00bb4.23.4&Prime; _module_preset=\u00a0\u00bbdefault\u00a0\u00bb title_level=\u00a0\u00bbh3&Prime; title_font=\u00a0\u00bb|700|||||||\u00a0\u00bb custom_margin=\u00a0\u00bb||0px||false|false\u00a0\u00bb custom_padding=\u00a0\u00bb||0px||false|false\u00a0\u00bb global_colors_info=\u00a0\u00bb{}\u00a0\u00bb][\/et_pb_heading][et_pb_text _builder_version=\u00a0\u00bb4.25.0&Prime; background_size=\u00a0\u00bbinitial\u00a0\u00bb background_position=\u00a0\u00bbtop_left\u00a0\u00bb background_repeat=\u00a0\u00bbrepeat\u00a0\u00bb global_colors_info=\u00a0\u00bb{}\u00a0\u00bb]<\/p>\n<ul>\n<li>Traduction de documents du fran\u00e7ais \u00e0 l&rsquo;anglais;<\/li>\n<li>Traduction de documents de l&rsquo;anglais au fran\u00e7ais;<\/li>\n<\/ul>\n<p>Je propose un service de traduction de qualit\u00e9, en accordant une grande attention \u00e0 la syntaxe, au vocabulaire et au ton du texte. Mon exp\u00e9rience me permet de me distinguer dans de nombreux domaines, notamment l&rsquo;immobilier, la finance et le commerce de d\u00e9tail.<\/p>\n<p>[\/et_pb_text][\/et_pb_column][\/et_pb_row][\/et_pb_section][et_pb_section fb_built=\u00a0\u00bb1&Prime; module_id=\u00a0\u00bbdocumentEditing\u00a0\u00bb _builder_version=\u00a0\u00bb4.24.0&Prime; custom_padding=\u00a0\u00bb45px||45px||false|false\u00a0\u00bb global_colors_info=\u00a0\u00bb{}\u00a0\u00bb][et_pb_row _builder_version=\u00a0\u00bb4.16&Prime; background_size=\u00a0\u00bbinitial\u00a0\u00bb background_position=\u00a0\u00bbtop_left\u00a0\u00bb background_repeat=\u00a0\u00bbrepeat\u00a0\u00bb global_colors_info=\u00a0\u00bb{}\u00a0\u00bb][et_pb_column type=\u00a0\u00bb4_4&Prime; _builder_version=\u00a0\u00bb4.16&Prime; custom_padding=\u00a0\u00bb|||\u00a0\u00bb global_colors_info=\u00a0\u00bb{}\u00a0\u00bb custom_padding__hover=\u00a0\u00bb|||\u00a0\u00bb][et_pb_heading title=\u00a0\u00bbR\u00e9vision de documents\u00a0\u00bb _builder_version=\u00a0\u00bb4.27.4&Prime; _module_preset=\u00a0\u00bbdefault\u00a0\u00bb title_level=\u00a0\u00bbh3&Prime; title_font=\u00a0\u00bb|700|||||||\u00a0\u00bb custom_margin=\u00a0\u00bb||0px||false|false\u00a0\u00bb custom_padding=\u00a0\u00bb||0px||false|false\u00a0\u00bb hover_enabled=\u00a0\u00bb0&Prime; global_colors_info=\u00a0\u00bb{}\u00a0\u00bb sticky_enabled=\u00a0\u00bb0&Prime;][\/et_pb_heading][et_pb_text _builder_version=\u00a0\u00bb4.25.0&Prime; background_size=\u00a0\u00bbinitial\u00a0\u00bb background_position=\u00a0\u00bbtop_left\u00a0\u00bb background_repeat=\u00a0\u00bbrepeat\u00a0\u00bb global_colors_info=\u00a0\u00bb{}\u00a0\u00bb]<\/p>\n<ul>\n<li>Rapports et pr\u00e9sentations ;<\/li>\n<li>Lettres professionnelles ;<\/li>\n<li>Publicit\u00e9 ;<\/li>\n<li>Plans de d\u00e9veloppement ;<\/li>\n<li>Demandes de financement ;<\/li>\n<li>Contenu du site web ;<\/li>\n<li>Autres documents.<\/li>\n<\/ul>\n<p>Je relis votre documentation, trouve et corrige les erreurs d&rsquo;orthographe, de syntaxe, de grammaire et autres, tout en conservant le message original contenu dans le document.<\/p>\n<p>[\/et_pb_text][\/et_pb_column][\/et_pb_row][\/et_pb_section][et_pb_section fb_built=\u00a0\u00bb1&Prime; module_id=\u00a0\u00bbdocumentCreation\u00a0\u00bb _builder_version=\u00a0\u00bb4.24.0&Prime; background_color=\u00a0\u00bb#f7f7f7&Prime; custom_padding=\u00a0\u00bb45px||45px||false|false\u00a0\u00bb global_colors_info=\u00a0\u00bb{}\u00a0\u00bb][et_pb_row _builder_version=\u00a0\u00bb4.24.0&Prime; background_size=\u00a0\u00bbinitial\u00a0\u00bb background_position=\u00a0\u00bbtop_left\u00a0\u00bb background_repeat=\u00a0\u00bbrepeat\u00a0\u00bb custom_margin=\u00a0\u00bb||||false|false\u00a0\u00bb custom_padding=\u00a0\u00bb||||false|false\u00a0\u00bb global_colors_info=\u00a0\u00bb{}\u00a0\u00bb][et_pb_column type=\u00a0\u00bb4_4&Prime; _builder_version=\u00a0\u00bb4.16&Prime; custom_padding=\u00a0\u00bb|||\u00a0\u00bb global_colors_info=\u00a0\u00bb{}\u00a0\u00bb custom_padding__hover=\u00a0\u00bb|||\u00a0\u00bb][et_pb_heading title=\u00a0\u00bbComposition de documents\u00a0\u00bb _builder_version=\u00a0\u00bb4.27.4&Prime; _module_preset=\u00a0\u00bbdefault\u00a0\u00bb title_level=\u00a0\u00bbh3&Prime; title_font=\u00a0\u00bb|700|||||||\u00a0\u00bb custom_margin=\u00a0\u00bb||0px||false|false\u00a0\u00bb custom_padding=\u00a0\u00bb||0px||false|false\u00a0\u00bb hover_enabled=\u00a0\u00bb0&Prime; global_colors_info=\u00a0\u00bb{}\u00a0\u00bb sticky_enabled=\u00a0\u00bb0&Prime;][\/et_pb_heading][et_pb_text _builder_version=\u00a0\u00bb4.25.0&Prime; background_size=\u00a0\u00bbinitial\u00a0\u00bb background_position=\u00a0\u00bbtop_left\u00a0\u00bb background_repeat=\u00a0\u00bbrepeat\u00a0\u00bb global_colors_info=\u00a0\u00bb{}\u00a0\u00bb]<\/p>\n<ul>\n<li>Rapports et pr\u00e9sentations ;<\/li>\n<li>Lettres professionnelles ;<\/li>\n<li>Publicit\u00e9 ;<\/li>\n<li>Plans de d\u00e9veloppement ;<\/li>\n<li>Demandes de financement ;<\/li>\n<li>Contenu du site web ;<\/li>\n<li>Autres documents.<\/li>\n<\/ul>\n<p>[\/et_pb_text][et_pb_text _builder_version=\u00a0\u00bb4.25.0&Prime; background_size=\u00a0\u00bbinitial\u00a0\u00bb background_position=\u00a0\u00bbtop_left\u00a0\u00bb background_repeat=\u00a0\u00bbrepeat\u00a0\u00bb global_colors_info=\u00a0\u00bb{}\u00a0\u00bb]<\/p>\n<p>Je fournirai un contenu de haute qualit\u00e9 pour communiquer fid\u00e8lement votre message, en utilisant le ton appropri\u00e9 au contexte. Une attention particuli\u00e8re sera accord\u00e9e \u00e0 l&rsquo;orthographe, \u00e0 la syntaxe, \u00e0 la ponctuation et \u00e0 la grammaire.<\/p>\n<p>[\/et_pb_text][\/et_pb_column][\/et_pb_row][\/et_pb_section][et_pb_section fb_built=\u00a0\u00bb1&Prime; _builder_version=\u00a0\u00bb4.24.0&Prime; background_color=\u00a0\u00bb#FFFFFF\u00a0\u00bb custom_padding=\u00a0\u00bb45px||45px||false|false\u00a0\u00bb global_colors_info=\u00a0\u00bb{}\u00a0\u00bb][et_pb_row _builder_version=\u00a0\u00bb4.16&Prime; background_size=\u00a0\u00bbinitial\u00a0\u00bb background_position=\u00a0\u00bbtop_left\u00a0\u00bb background_repeat=\u00a0\u00bbrepeat\u00a0\u00bb global_colors_info=\u00a0\u00bb{}\u00a0\u00bb][et_pb_column type=\u00a0\u00bb4_4&Prime; _builder_version=\u00a0\u00bb4.16&Prime; custom_padding=\u00a0\u00bb|||\u00a0\u00bb global_colors_info=\u00a0\u00bb{}\u00a0\u00bb custom_padding__hover=\u00a0\u00bb|||\u00a0\u00bb][et_pb_text _builder_version=\u00a0\u00bb4.27.4&Prime; background_size=\u00a0\u00bbinitial\u00a0\u00bb background_position=\u00a0\u00bbtop_left\u00a0\u00bb background_repeat=\u00a0\u00bbrepeat\u00a0\u00bb hover_enabled=\u00a0\u00bb0&Prime; global_colors_info=\u00a0\u00bb{}\u00a0\u00bb sticky_enabled=\u00a0\u00bb0&Prime;]<\/p>\n<p>Mon exp\u00e9rience int\u00e9ressera les gens d\u2019affaires en g\u00e9n\u00e9ral, en particulier les cr\u00e9ateurs d&rsquo;entreprise, les promoteurs immobiliers et les gestionnaires. Parmi les nombreux services que je propose, on peut citer :<\/p>\n<ul>\n<ul>\n<li>L&rsquo;analyse des besoins du client et la conception du document \u00e0 r\u00e9diger ;<\/li>\n<li>L&rsquo;\u00e9laboration de la liste des documents de soutien requis dans la pr\u00e9paration ;<\/li>\n<li>L&rsquo;analyse des documents de soutien fournis et l&rsquo;identification de probl\u00e8mes potentiels qui pourraient appara\u00eetre ;<\/li>\n<li>L&rsquo;analyse et la pr\u00e9paration de budgets et de projections financi\u00e8res ;<\/li>\n<li>La structure de la transaction ;<\/li>\n<li>La pr\u00e9paration des graphiques ;<\/li>\n<li>Le montage du dossier.<\/li>\n<\/ul>\n<\/ul>\n<p>[\/et_pb_text][\/et_pb_column][\/et_pb_row][\/et_pb_section]<\/p>\n","protected":false},"excerpt":{"rendered":"<p>Traduction de documents du fran\u00e7ais \u00e0 l&rsquo;anglais; Traduction de documents de l&rsquo;anglais au fran\u00e7ais; Je propose un service de traduction de qualit\u00e9, en accordant une grande attention \u00e0 la syntaxe, au vocabulaire et au ton du texte. Mon exp\u00e9rience me permet de me distinguer dans de nombreux domaines, notamment l&rsquo;immobilier, la finance et le commerce [&hellip;]<\/p>\n","protected":false},"author":2,"featured_media":0,"parent":0,"menu_order":2,"comment_status":"closed","ping_status":"closed","template":"","meta":{"_et_pb_use_builder":"on","_et_pb_old_content":"","_et_gb_content_width":"","footnotes":""},"class_list":["post-425","page","type-page","status-publish","hentry"],"yoast_head":"<!-- This site is optimized with the Yoast SEO plugin v27.3 - https:\/\/yoast.com\/product\/yoast-seo-wordpress\/ -->\n<title>Services de conseil - Edouard Robitaille<\/title>\n<meta name=\"description\" content=\"Je vous fournirai un service de qualit\u00e9 pour la traduction, la r\u00e9vision et la composition de vos documents en fran\u00e7ais et en anglais.\" \/>\n<meta name=\"robots\" content=\"noindex, follow, max-snippet:-1, max-image-preview:large, max-video-preview:-1\" \/>\n<meta property=\"og:locale\" content=\"fr_FR\" \/>\n<meta property=\"og:type\" content=\"article\" \/>\n<meta property=\"og:title\" content=\"Services de conseil - Edouard Robitaille\" \/>\n<meta property=\"og:description\" content=\"Je vous fournirai un service de qualit\u00e9 pour la traduction, la r\u00e9vision et la composition de vos documents en fran\u00e7ais et en anglais.\" \/>\n<meta property=\"og:url\" content=\"https:\/\/tradoscribe.molecularcodedev.com\/fr\/services-de-conseil\/\" \/>\n<meta property=\"og:site_name\" content=\"Edouard Robitaille\" \/>\n<meta property=\"article:modified_time\" content=\"2025-02-12T05:57:23+00:00\" \/>\n<meta name=\"twitter:card\" content=\"summary_large_image\" \/>\n<meta name=\"twitter:label1\" content=\"Dur\u00e9e de lecture estim\u00e9e\" \/>\n\t<meta name=\"twitter:data1\" content=\"5 minutes\" \/>\n<script type=\"application\/ld+json\" class=\"yoast-schema-graph\">{\"@context\":\"https:\\\/\\\/schema.org\",\"@graph\":[{\"@type\":\"WebPage\",\"@id\":\"https:\\\/\\\/tradoscribe.molecularcodedev.com\\\/fr\\\/services-de-conseil\\\/\",\"url\":\"https:\\\/\\\/tradoscribe.molecularcodedev.com\\\/fr\\\/services-de-conseil\\\/\",\"name\":\"Services de conseil - Edouard Robitaille\",\"isPartOf\":{\"@id\":\"https:\\\/\\\/tradoscribe.molecularcodedev.com\\\/fr\\\/#website\"},\"datePublished\":\"2023-10-17T15:03:33+00:00\",\"dateModified\":\"2025-02-12T05:57:23+00:00\",\"description\":\"Je vous fournirai un service de qualit\u00e9 pour la traduction, la r\u00e9vision et la composition de vos documents en fran\u00e7ais et en anglais.\",\"breadcrumb\":{\"@id\":\"https:\\\/\\\/tradoscribe.molecularcodedev.com\\\/fr\\\/services-de-conseil\\\/#breadcrumb\"},\"inLanguage\":\"fr-FR\",\"potentialAction\":[{\"@type\":\"ReadAction\",\"target\":[\"https:\\\/\\\/tradoscribe.molecularcodedev.com\\\/fr\\\/services-de-conseil\\\/\"]}]},{\"@type\":\"BreadcrumbList\",\"@id\":\"https:\\\/\\\/tradoscribe.molecularcodedev.com\\\/fr\\\/services-de-conseil\\\/#breadcrumb\",\"itemListElement\":[{\"@type\":\"ListItem\",\"position\":1,\"name\":\"Home\",\"item\":\"https:\\\/\\\/tradoscribe.molecularcodedev.com\\\/fr\\\/\"},{\"@type\":\"ListItem\",\"position\":2,\"name\":\"Services de conseil\"}]},{\"@type\":\"WebSite\",\"@id\":\"https:\\\/\\\/tradoscribe.molecularcodedev.com\\\/fr\\\/#website\",\"url\":\"https:\\\/\\\/tradoscribe.molecularcodedev.com\\\/fr\\\/\",\"name\":\"TraDoScribe\",\"description\":\"French \\\/ English Translation\",\"publisher\":{\"@id\":\"https:\\\/\\\/tradoscribe.molecularcodedev.com\\\/fr\\\/#organization\"},\"potentialAction\":[{\"@type\":\"SearchAction\",\"target\":{\"@type\":\"EntryPoint\",\"urlTemplate\":\"https:\\\/\\\/tradoscribe.molecularcodedev.com\\\/fr\\\/?s={search_term_string}\"},\"query-input\":{\"@type\":\"PropertyValueSpecification\",\"valueRequired\":true,\"valueName\":\"search_term_string\"}}],\"inLanguage\":\"fr-FR\"},{\"@type\":\"Organization\",\"@id\":\"https:\\\/\\\/tradoscribe.molecularcodedev.com\\\/fr\\\/#organization\",\"name\":\"TraDoScribe\",\"url\":\"https:\\\/\\\/tradoscribe.molecularcodedev.com\\\/fr\\\/\",\"logo\":{\"@type\":\"ImageObject\",\"inLanguage\":\"fr-FR\",\"@id\":\"https:\\\/\\\/tradoscribe.molecularcodedev.com\\\/fr\\\/#\\\/schema\\\/logo\\\/image\\\/\",\"url\":\"https:\\\/\\\/tradoscribe.molecularcodedev.com\\\/wp-content\\\/uploads\\\/2023\\\/10\\\/logo.jpg\",\"contentUrl\":\"https:\\\/\\\/tradoscribe.molecularcodedev.com\\\/wp-content\\\/uploads\\\/2023\\\/10\\\/logo.jpg\",\"width\":760,\"height\":97,\"caption\":\"TraDoScribe\"},\"image\":{\"@id\":\"https:\\\/\\\/tradoscribe.molecularcodedev.com\\\/fr\\\/#\\\/schema\\\/logo\\\/image\\\/\"},\"sameAs\":[\"https:\\\/\\\/ca.linkedin.com\\\/in\\\/tradoscribe\"]}]}<\/script>\n<!-- \/ Yoast SEO plugin. -->","yoast_head_json":{"title":"Services de conseil - Edouard Robitaille","description":"Je vous fournirai un service de qualit\u00e9 pour la traduction, la r\u00e9vision et la composition de vos documents en fran\u00e7ais et en anglais.","robots":{"index":"noindex","follow":"follow","max-snippet":"max-snippet:-1","max-image-preview":"max-image-preview:large","max-video-preview":"max-video-preview:-1"},"og_locale":"fr_FR","og_type":"article","og_title":"Services de conseil - Edouard Robitaille","og_description":"Je vous fournirai un service de qualit\u00e9 pour la traduction, la r\u00e9vision et la composition de vos documents en fran\u00e7ais et en anglais.","og_url":"https:\/\/tradoscribe.molecularcodedev.com\/fr\/services-de-conseil\/","og_site_name":"Edouard Robitaille","article_modified_time":"2025-02-12T05:57:23+00:00","twitter_card":"summary_large_image","twitter_misc":{"Dur\u00e9e de lecture estim\u00e9e":"5 minutes"},"schema":{"@context":"https:\/\/schema.org","@graph":[{"@type":"WebPage","@id":"https:\/\/tradoscribe.molecularcodedev.com\/fr\/services-de-conseil\/","url":"https:\/\/tradoscribe.molecularcodedev.com\/fr\/services-de-conseil\/","name":"Services de conseil - Edouard Robitaille","isPartOf":{"@id":"https:\/\/tradoscribe.molecularcodedev.com\/fr\/#website"},"datePublished":"2023-10-17T15:03:33+00:00","dateModified":"2025-02-12T05:57:23+00:00","description":"Je vous fournirai un service de qualit\u00e9 pour la traduction, la r\u00e9vision et la composition de vos documents en fran\u00e7ais et en anglais.","breadcrumb":{"@id":"https:\/\/tradoscribe.molecularcodedev.com\/fr\/services-de-conseil\/#breadcrumb"},"inLanguage":"fr-FR","potentialAction":[{"@type":"ReadAction","target":["https:\/\/tradoscribe.molecularcodedev.com\/fr\/services-de-conseil\/"]}]},{"@type":"BreadcrumbList","@id":"https:\/\/tradoscribe.molecularcodedev.com\/fr\/services-de-conseil\/#breadcrumb","itemListElement":[{"@type":"ListItem","position":1,"name":"Home","item":"https:\/\/tradoscribe.molecularcodedev.com\/fr\/"},{"@type":"ListItem","position":2,"name":"Services de conseil"}]},{"@type":"WebSite","@id":"https:\/\/tradoscribe.molecularcodedev.com\/fr\/#website","url":"https:\/\/tradoscribe.molecularcodedev.com\/fr\/","name":"TraDoScribe","description":"French \/ English Translation","publisher":{"@id":"https:\/\/tradoscribe.molecularcodedev.com\/fr\/#organization"},"potentialAction":[{"@type":"SearchAction","target":{"@type":"EntryPoint","urlTemplate":"https:\/\/tradoscribe.molecularcodedev.com\/fr\/?s={search_term_string}"},"query-input":{"@type":"PropertyValueSpecification","valueRequired":true,"valueName":"search_term_string"}}],"inLanguage":"fr-FR"},{"@type":"Organization","@id":"https:\/\/tradoscribe.molecularcodedev.com\/fr\/#organization","name":"TraDoScribe","url":"https:\/\/tradoscribe.molecularcodedev.com\/fr\/","logo":{"@type":"ImageObject","inLanguage":"fr-FR","@id":"https:\/\/tradoscribe.molecularcodedev.com\/fr\/#\/schema\/logo\/image\/","url":"https:\/\/tradoscribe.molecularcodedev.com\/wp-content\/uploads\/2023\/10\/logo.jpg","contentUrl":"https:\/\/tradoscribe.molecularcodedev.com\/wp-content\/uploads\/2023\/10\/logo.jpg","width":760,"height":97,"caption":"TraDoScribe"},"image":{"@id":"https:\/\/tradoscribe.molecularcodedev.com\/fr\/#\/schema\/logo\/image\/"},"sameAs":["https:\/\/ca.linkedin.com\/in\/tradoscribe"]}]}},"_links":{"self":[{"href":"https:\/\/tradoscribe.molecularcodedev.com\/fr\/wp-json\/wp\/v2\/pages\/425","targetHints":{"allow":["GET"]}}],"collection":[{"href":"https:\/\/tradoscribe.molecularcodedev.com\/fr\/wp-json\/wp\/v2\/pages"}],"about":[{"href":"https:\/\/tradoscribe.molecularcodedev.com\/fr\/wp-json\/wp\/v2\/types\/page"}],"author":[{"embeddable":true,"href":"https:\/\/tradoscribe.molecularcodedev.com\/fr\/wp-json\/wp\/v2\/users\/2"}],"replies":[{"embeddable":true,"href":"https:\/\/tradoscribe.molecularcodedev.com\/fr\/wp-json\/wp\/v2\/comments?post=425"}],"version-history":[{"count":5,"href":"https:\/\/tradoscribe.molecularcodedev.com\/fr\/wp-json\/wp\/v2\/pages\/425\/revisions"}],"predecessor-version":[{"id":468,"href":"https:\/\/tradoscribe.molecularcodedev.com\/fr\/wp-json\/wp\/v2\/pages\/425\/revisions\/468"}],"wp:attachment":[{"href":"https:\/\/tradoscribe.molecularcodedev.com\/fr\/wp-json\/wp\/v2\/media?parent=425"}],"curies":[{"name":"wp","href":"https:\/\/api.w.org\/{rel}","templated":true}]}}