{"id":431,"date":"2023-10-17T11:12:31","date_gmt":"2023-10-17T15:12:31","guid":{"rendered":"https:\/\/tradoscribe.molecularcodedev.com\/experience\/"},"modified":"2025-02-12T01:03:46","modified_gmt":"2025-02-12T06:03:46","slug":"experience","status":"publish","type":"page","link":"https:\/\/tradoscribe.molecularcodedev.com\/fr\/experience\/","title":{"rendered":"Exp\u00e9rience"},"content":{"rendered":"<p>[et_pb_section fb_built=\u00a0\u00bb1&Prime; _builder_version=\u00a0\u00bb4.16&Prime; global_colors_info=\u00a0\u00bb{}\u00a0\u00bb][et_pb_row column_structure=\u00a0\u00bb1_2,1_2&Prime; _builder_version=\u00a0\u00bb4.24.0&Prime; _module_preset=\u00a0\u00bbdefault\u00a0\u00bb global_colors_info=\u00a0\u00bb{}\u00a0\u00bb][et_pb_column type=\u00a0\u00bb1_2&Prime; _builder_version=\u00a0\u00bb4.24.0&Prime; _module_preset=\u00a0\u00bbdefault\u00a0\u00bb global_colors_info=\u00a0\u00bb{}\u00a0\u00bb][et_pb_image src=\u00a0\u00bbhttps:\/\/tradoscribe.molecularcodedev.com\/wp-content\/uploads\/2024\/05\/edouard-robitaille-new-cropped.jpg\u00a0\u00bb alt=\u00a0\u00bb\u00c9douard Robitaille B.A., M.B.A.\u00a0\u00bb title_text=\u00a0\u00bbedouard-robitaille-new-cropped\u00a0\u00bb force_fullwidth=\u00a0\u00bbon\u00a0\u00bb _builder_version=\u00a0\u00bb4.25.0&Prime; _module_preset=\u00a0\u00bbdefault\u00a0\u00bb global_colors_info=\u00a0\u00bb{}\u00a0\u00bb][\/et_pb_image][\/et_pb_column][et_pb_column type=\u00a0\u00bb1_2&Prime; _builder_version=\u00a0\u00bb4.24.0&Prime; _module_preset=\u00a0\u00bbdefault\u00a0\u00bb global_colors_info=\u00a0\u00bb{}\u00a0\u00bb][et_pb_heading title=\u00a0\u00bbExp\u00e9rience\u00a0\u00bb module_class=\u00a0\u00bbboxCorners\u00a0\u00bb _builder_version=\u00a0\u00bb4.24.0&Prime; _module_preset=\u00a0\u00bbdefault\u00a0\u00bb title_font=\u00a0\u00bbTimes New Roman||||||||\u00a0\u00bb title_text_align=\u00a0\u00bbcenter\u00a0\u00bb title_text_color=\u00a0\u00bb#1F497D\u00a0\u00bb title_font_size=\u00a0\u00bb60px\u00a0\u00bb background_enable_color=\u00a0\u00bboff\u00a0\u00bb custom_margin=\u00a0\u00bb100px||90px||false|false\u00a0\u00bb global_colors_info=\u00a0\u00bb{}\u00a0\u00bb][\/et_pb_heading][et_pb_heading title=\u00a0\u00bbParfaitement bilingue, M. Robitaille B.A., M.B.A. cumule plus de 35 ans d&rsquo;exp\u00e9rience professionnelle dans les domaines de l&rsquo;immobilier, du financement, du cr\u00e9dit et du franchisage.\u00a0\u00bb _builder_version=\u00a0\u00bb4.24.0&Prime; _module_preset=\u00a0\u00bbdefault\u00a0\u00bb title_level=\u00a0\u00bbh3&Prime; global_colors_info=\u00a0\u00bb{}\u00a0\u00bb][\/et_pb_heading][\/et_pb_column][\/et_pb_row][et_pb_row _builder_version=\u00a0\u00bb4.16&Prime; background_size=\u00a0\u00bbinitial\u00a0\u00bb background_position=\u00a0\u00bbtop_left\u00a0\u00bb background_repeat=\u00a0\u00bbrepeat\u00a0\u00bb global_colors_info=\u00a0\u00bb{}\u00a0\u00bb][et_pb_column type=\u00a0\u00bb4_4&Prime; _builder_version=\u00a0\u00bb4.16&Prime; custom_padding=\u00a0\u00bb|||\u00a0\u00bb global_colors_info=\u00a0\u00bb{}\u00a0\u00bb custom_padding__hover=\u00a0\u00bb|||\u00a0\u00bb][et_pb_text _builder_version=\u00a0\u00bb4.27.4&Prime; background_size=\u00a0\u00bbinitial\u00a0\u00bb background_position=\u00a0\u00bbtop_left\u00a0\u00bb background_repeat=\u00a0\u00bbrepeat\u00a0\u00bb hover_enabled=\u00a0\u00bb0&Prime; global_colors_info=\u00a0\u00bb{}\u00a0\u00bb sticky_enabled=\u00a0\u00bb0&Prime;]<\/p>\n<p>Au cours d\u2019une carri\u00e8re longue et vari\u00e9e, M. Robitaille a particip\u00e9 \u00e0 de nombreuses transactions d\u2019envergure de nature financi\u00e8re, de cr\u00e9dit-bail et de franchisage. Il a d\u00fb traiter des documents longs et complexes en fran\u00e7ais et en anglais. Il a souvent d\u00fb traduire ces documents d&rsquo;une langue \u00e0 l&rsquo;autre et a lu, \u00e9dit\u00e9 et cr\u00e9\u00e9 de nombreux plans d&rsquo;affaires, rapports et demandes de financement dans les deux langues. Il a donc une grande exp\u00e9rience de nombreuses formes de documentation, y compris les communications publiques, les documents contractuels et la publicit\u00e9.<\/p>\n<p>[\/et_pb_text][et_pb_divider divider_style=\u00a0\u00bbinset\u00a0\u00bb divider_position=\u00a0\u00bbcenter\u00a0\u00bb _builder_version=\u00a0\u00bb4.24.0&Prime; _module_preset=\u00a0\u00bbdefault\u00a0\u00bb width=\u00a0\u00bb60px\u00a0\u00bb module_alignment=\u00a0\u00bbcenter\u00a0\u00bb global_colors_info=\u00a0\u00bb{}\u00a0\u00bb][\/et_pb_divider][et_pb_text _builder_version=\u00a0\u00bb4.27.4&Prime; background_size=\u00a0\u00bbinitial\u00a0\u00bb background_position=\u00a0\u00bbtop_left\u00a0\u00bb background_repeat=\u00a0\u00bbrepeat\u00a0\u00bb hover_enabled=\u00a0\u00bb0&Prime; global_colors_info=\u00a0\u00bb{}\u00a0\u00bb sticky_enabled=\u00a0\u00bb0&Prime;]<\/p>\n<p>Muni d&rsquo;un baccalaur\u00e9at \u00e8s arts du coll\u00e8ge Loyola (maintenant l&rsquo;Universit\u00e9 Concordia) et d&rsquo;une ma\u00eetrise en administration de l\u2019University of Western Ontario, M. Robitaille est aussi d\u00e9tenteur d&rsquo;un certificat en traduction de l&rsquo;Universit\u00e9 McGill. Pendant toute la dur\u00e9e de sa carri\u00e8re, il a excell\u00e9 dans un environnement bilingue et se sent \u00e0 l&rsquo;aise \u00e0 communiquer tant en anglais qu&rsquo;en fran\u00e7ais. Passionn\u00e9 de la parole juste, il s&rsquo;est taill\u00e9 une r\u00e9putation enviable pour la qualit\u00e9 de sa communication \u00e9crite.<\/p>\n<p>Au cours de l&rsquo;\u00e9t\u00e9 2012, M. Robitaille a \u00e9t\u00e9 d\u00e9sign\u00e9 l&rsquo;un des deux laur\u00e9ats d&rsquo;une bourse d&rsquo;\u00e9tude pour la traduction et la communication \u00e9crite accord\u00e9e par MACES (l&rsquo;association des \u00e9tudiants en \u00e9ducation permanente de l\u2019Universit\u00e9 McGill).<\/p>\n<p>Au cours de sa carri\u00e8re, M. Robitaille a r\u00e9alis\u00e9 un large \u00e9ventail de travaux de traduction, de r\u00e9vision et de cr\u00e9ation de documents pour diverses entreprises et organisations, notamment :<\/p>\n<ul>\n<li>Organisations communautaires \u00e0 but non lucratif ;<\/li>\n<li>Promoteurs immobiliers et soci\u00e9t\u00e9s de gestion ;<\/li>\n<li>Financement et soci\u00e9t\u00e9s de capital-risque ;<\/li>\n<li>Exploitants de maisons de retraite.<\/li>\n<\/ul>\n<p>[\/et_pb_text][\/et_pb_column][\/et_pb_row][\/et_pb_section]<\/p>\n","protected":false},"excerpt":{"rendered":"<p>Au cours d\u2019une carri\u00e8re longue et vari\u00e9e, M. Robitaille a particip\u00e9 \u00e0 de nombreuses transactions d\u2019envergure de nature financi\u00e8re, de cr\u00e9dit-bail et de franchisage. Il a d\u00fb traiter des documents longs et complexes en fran\u00e7ais et en anglais. Il a souvent d\u00fb traduire ces documents d&rsquo;une langue \u00e0 l&rsquo;autre et a lu, \u00e9dit\u00e9 et cr\u00e9\u00e9 [&hellip;]<\/p>\n","protected":false},"author":2,"featured_media":0,"parent":0,"menu_order":3,"comment_status":"closed","ping_status":"closed","template":"","meta":{"_et_pb_use_builder":"on","_et_pb_old_content":"","_et_gb_content_width":"","footnotes":""},"class_list":["post-431","page","type-page","status-publish","hentry"],"yoast_head":"<!-- This site is optimized with the Yoast SEO plugin v27.3 - https:\/\/yoast.com\/product\/yoast-seo-wordpress\/ -->\n<title>Exp\u00e9rience - Edouard Robitaille<\/title>\n<meta name=\"description\" content=\"Parfaitement bilingue, M. Robitaille B.A., M.B.A. cumule plus de 35 ans d&#039;exp\u00e9rience professionnelle dans les domaines de l&#039;immobilier, du financement, du cr\u00e9dit et du franchisage.\" \/>\n<meta name=\"robots\" content=\"noindex, follow, max-snippet:-1, max-image-preview:large, max-video-preview:-1\" \/>\n<meta property=\"og:locale\" content=\"fr_FR\" \/>\n<meta property=\"og:type\" content=\"article\" \/>\n<meta property=\"og:title\" content=\"Exp\u00e9rience - Edouard Robitaille\" \/>\n<meta property=\"og:description\" content=\"Parfaitement bilingue, M. Robitaille B.A., M.B.A. cumule plus de 35 ans d&#039;exp\u00e9rience professionnelle dans les domaines de l&#039;immobilier, du financement, du cr\u00e9dit et du franchisage.\" \/>\n<meta property=\"og:url\" content=\"https:\/\/tradoscribe.molecularcodedev.com\/fr\/experience\/\" \/>\n<meta property=\"og:site_name\" content=\"Edouard Robitaille\" \/>\n<meta property=\"article:modified_time\" content=\"2025-02-12T06:03:46+00:00\" \/>\n<meta name=\"twitter:card\" content=\"summary_large_image\" \/>\n<meta name=\"twitter:label1\" content=\"Dur\u00e9e de lecture estim\u00e9e\" \/>\n\t<meta name=\"twitter:data1\" content=\"3 minutes\" \/>\n<script type=\"application\/ld+json\" class=\"yoast-schema-graph\">{\"@context\":\"https:\\\/\\\/schema.org\",\"@graph\":[{\"@type\":\"WebPage\",\"@id\":\"https:\\\/\\\/tradoscribe.molecularcodedev.com\\\/fr\\\/experience\\\/\",\"url\":\"https:\\\/\\\/tradoscribe.molecularcodedev.com\\\/fr\\\/experience\\\/\",\"name\":\"Exp\u00e9rience - Edouard Robitaille\",\"isPartOf\":{\"@id\":\"https:\\\/\\\/tradoscribe.molecularcodedev.com\\\/fr\\\/#website\"},\"datePublished\":\"2023-10-17T15:12:31+00:00\",\"dateModified\":\"2025-02-12T06:03:46+00:00\",\"description\":\"Parfaitement bilingue, M. Robitaille B.A., M.B.A. cumule plus de 35 ans d'exp\u00e9rience professionnelle dans les domaines de l'immobilier, du financement, du cr\u00e9dit et du franchisage.\",\"breadcrumb\":{\"@id\":\"https:\\\/\\\/tradoscribe.molecularcodedev.com\\\/fr\\\/experience\\\/#breadcrumb\"},\"inLanguage\":\"fr-FR\",\"potentialAction\":[{\"@type\":\"ReadAction\",\"target\":[\"https:\\\/\\\/tradoscribe.molecularcodedev.com\\\/fr\\\/experience\\\/\"]}]},{\"@type\":\"BreadcrumbList\",\"@id\":\"https:\\\/\\\/tradoscribe.molecularcodedev.com\\\/fr\\\/experience\\\/#breadcrumb\",\"itemListElement\":[{\"@type\":\"ListItem\",\"position\":1,\"name\":\"Home\",\"item\":\"https:\\\/\\\/tradoscribe.molecularcodedev.com\\\/fr\\\/\"},{\"@type\":\"ListItem\",\"position\":2,\"name\":\"Exp\u00e9rience\"}]},{\"@type\":\"WebSite\",\"@id\":\"https:\\\/\\\/tradoscribe.molecularcodedev.com\\\/fr\\\/#website\",\"url\":\"https:\\\/\\\/tradoscribe.molecularcodedev.com\\\/fr\\\/\",\"name\":\"TraDoScribe\",\"description\":\"French \\\/ English Translation\",\"publisher\":{\"@id\":\"https:\\\/\\\/tradoscribe.molecularcodedev.com\\\/fr\\\/#organization\"},\"potentialAction\":[{\"@type\":\"SearchAction\",\"target\":{\"@type\":\"EntryPoint\",\"urlTemplate\":\"https:\\\/\\\/tradoscribe.molecularcodedev.com\\\/fr\\\/?s={search_term_string}\"},\"query-input\":{\"@type\":\"PropertyValueSpecification\",\"valueRequired\":true,\"valueName\":\"search_term_string\"}}],\"inLanguage\":\"fr-FR\"},{\"@type\":\"Organization\",\"@id\":\"https:\\\/\\\/tradoscribe.molecularcodedev.com\\\/fr\\\/#organization\",\"name\":\"TraDoScribe\",\"url\":\"https:\\\/\\\/tradoscribe.molecularcodedev.com\\\/fr\\\/\",\"logo\":{\"@type\":\"ImageObject\",\"inLanguage\":\"fr-FR\",\"@id\":\"https:\\\/\\\/tradoscribe.molecularcodedev.com\\\/fr\\\/#\\\/schema\\\/logo\\\/image\\\/\",\"url\":\"https:\\\/\\\/tradoscribe.molecularcodedev.com\\\/wp-content\\\/uploads\\\/2023\\\/10\\\/logo.jpg\",\"contentUrl\":\"https:\\\/\\\/tradoscribe.molecularcodedev.com\\\/wp-content\\\/uploads\\\/2023\\\/10\\\/logo.jpg\",\"width\":760,\"height\":97,\"caption\":\"TraDoScribe\"},\"image\":{\"@id\":\"https:\\\/\\\/tradoscribe.molecularcodedev.com\\\/fr\\\/#\\\/schema\\\/logo\\\/image\\\/\"},\"sameAs\":[\"https:\\\/\\\/ca.linkedin.com\\\/in\\\/tradoscribe\"]}]}<\/script>\n<!-- \/ Yoast SEO plugin. -->","yoast_head_json":{"title":"Exp\u00e9rience - Edouard Robitaille","description":"Parfaitement bilingue, M. Robitaille B.A., M.B.A. cumule plus de 35 ans d'exp\u00e9rience professionnelle dans les domaines de l'immobilier, du financement, du cr\u00e9dit et du franchisage.","robots":{"index":"noindex","follow":"follow","max-snippet":"max-snippet:-1","max-image-preview":"max-image-preview:large","max-video-preview":"max-video-preview:-1"},"og_locale":"fr_FR","og_type":"article","og_title":"Exp\u00e9rience - Edouard Robitaille","og_description":"Parfaitement bilingue, M. Robitaille B.A., M.B.A. cumule plus de 35 ans d'exp\u00e9rience professionnelle dans les domaines de l'immobilier, du financement, du cr\u00e9dit et du franchisage.","og_url":"https:\/\/tradoscribe.molecularcodedev.com\/fr\/experience\/","og_site_name":"Edouard Robitaille","article_modified_time":"2025-02-12T06:03:46+00:00","twitter_card":"summary_large_image","twitter_misc":{"Dur\u00e9e de lecture estim\u00e9e":"3 minutes"},"schema":{"@context":"https:\/\/schema.org","@graph":[{"@type":"WebPage","@id":"https:\/\/tradoscribe.molecularcodedev.com\/fr\/experience\/","url":"https:\/\/tradoscribe.molecularcodedev.com\/fr\/experience\/","name":"Exp\u00e9rience - Edouard Robitaille","isPartOf":{"@id":"https:\/\/tradoscribe.molecularcodedev.com\/fr\/#website"},"datePublished":"2023-10-17T15:12:31+00:00","dateModified":"2025-02-12T06:03:46+00:00","description":"Parfaitement bilingue, M. Robitaille B.A., M.B.A. cumule plus de 35 ans d'exp\u00e9rience professionnelle dans les domaines de l'immobilier, du financement, du cr\u00e9dit et du franchisage.","breadcrumb":{"@id":"https:\/\/tradoscribe.molecularcodedev.com\/fr\/experience\/#breadcrumb"},"inLanguage":"fr-FR","potentialAction":[{"@type":"ReadAction","target":["https:\/\/tradoscribe.molecularcodedev.com\/fr\/experience\/"]}]},{"@type":"BreadcrumbList","@id":"https:\/\/tradoscribe.molecularcodedev.com\/fr\/experience\/#breadcrumb","itemListElement":[{"@type":"ListItem","position":1,"name":"Home","item":"https:\/\/tradoscribe.molecularcodedev.com\/fr\/"},{"@type":"ListItem","position":2,"name":"Exp\u00e9rience"}]},{"@type":"WebSite","@id":"https:\/\/tradoscribe.molecularcodedev.com\/fr\/#website","url":"https:\/\/tradoscribe.molecularcodedev.com\/fr\/","name":"TraDoScribe","description":"French \/ English Translation","publisher":{"@id":"https:\/\/tradoscribe.molecularcodedev.com\/fr\/#organization"},"potentialAction":[{"@type":"SearchAction","target":{"@type":"EntryPoint","urlTemplate":"https:\/\/tradoscribe.molecularcodedev.com\/fr\/?s={search_term_string}"},"query-input":{"@type":"PropertyValueSpecification","valueRequired":true,"valueName":"search_term_string"}}],"inLanguage":"fr-FR"},{"@type":"Organization","@id":"https:\/\/tradoscribe.molecularcodedev.com\/fr\/#organization","name":"TraDoScribe","url":"https:\/\/tradoscribe.molecularcodedev.com\/fr\/","logo":{"@type":"ImageObject","inLanguage":"fr-FR","@id":"https:\/\/tradoscribe.molecularcodedev.com\/fr\/#\/schema\/logo\/image\/","url":"https:\/\/tradoscribe.molecularcodedev.com\/wp-content\/uploads\/2023\/10\/logo.jpg","contentUrl":"https:\/\/tradoscribe.molecularcodedev.com\/wp-content\/uploads\/2023\/10\/logo.jpg","width":760,"height":97,"caption":"TraDoScribe"},"image":{"@id":"https:\/\/tradoscribe.molecularcodedev.com\/fr\/#\/schema\/logo\/image\/"},"sameAs":["https:\/\/ca.linkedin.com\/in\/tradoscribe"]}]}},"_links":{"self":[{"href":"https:\/\/tradoscribe.molecularcodedev.com\/fr\/wp-json\/wp\/v2\/pages\/431","targetHints":{"allow":["GET"]}}],"collection":[{"href":"https:\/\/tradoscribe.molecularcodedev.com\/fr\/wp-json\/wp\/v2\/pages"}],"about":[{"href":"https:\/\/tradoscribe.molecularcodedev.com\/fr\/wp-json\/wp\/v2\/types\/page"}],"author":[{"embeddable":true,"href":"https:\/\/tradoscribe.molecularcodedev.com\/fr\/wp-json\/wp\/v2\/users\/2"}],"replies":[{"embeddable":true,"href":"https:\/\/tradoscribe.molecularcodedev.com\/fr\/wp-json\/wp\/v2\/comments?post=431"}],"version-history":[{"count":3,"href":"https:\/\/tradoscribe.molecularcodedev.com\/fr\/wp-json\/wp\/v2\/pages\/431\/revisions"}],"predecessor-version":[{"id":470,"href":"https:\/\/tradoscribe.molecularcodedev.com\/fr\/wp-json\/wp\/v2\/pages\/431\/revisions\/470"}],"wp:attachment":[{"href":"https:\/\/tradoscribe.molecularcodedev.com\/fr\/wp-json\/wp\/v2\/media?parent=431"}],"curies":[{"name":"wp","href":"https:\/\/api.w.org\/{rel}","templated":true}]}}