{"id":434,"date":"2024-01-23T13:48:08","date_gmt":"2024-01-23T18:48:08","guid":{"rendered":"https:\/\/tradoscribe.molecularcodedev.com\/blogue\/"},"modified":"2025-02-12T01:48:36","modified_gmt":"2025-02-12T06:48:36","slug":"blogue","status":"publish","type":"page","link":"https:\/\/tradoscribe.molecularcodedev.com\/fr\/blogue\/","title":{"rendered":"Blogue"},"content":{"rendered":"<p>[et_pb_section fb_built=\u00a0\u00bb1&Prime; _builder_version=\u00a0\u00bb4.24.0&Prime; _module_preset=\u00a0\u00bbdefault\u00a0\u00bb global_colors_info=\u00a0\u00bb{}\u00a0\u00bb][et_pb_row column_structure=\u00a0\u00bb1_2,1_2&Prime; _builder_version=\u00a0\u00bb4.24.0&Prime; _module_preset=\u00a0\u00bbdefault\u00a0\u00bb global_colors_info=\u00a0\u00bb{}\u00a0\u00bb][et_pb_column type=\u00a0\u00bb1_2&Prime; _builder_version=\u00a0\u00bb4.24.0&Prime; _module_preset=\u00a0\u00bbdefault\u00a0\u00bb global_colors_info=\u00a0\u00bb{}\u00a0\u00bb][et_pb_image src=\u00a0\u00bbhttps:\/\/tradoscribe.molecularcodedev.com\/wp-content\/uploads\/2024\/01\/writing-800-min.jpg\u00a0\u00bb alt=\u00a0\u00bb\u00c9crire avec un stylo \u00e0 plume.\u00a0\u00bb title_text=\u00a0\u00bbwriting-800-min\u00a0\u00bb _builder_version=\u00a0\u00bb4.24.0&Prime; _module_preset=\u00a0\u00bbdefault\u00a0\u00bb global_colors_info=\u00a0\u00bb{}\u00a0\u00bb][\/et_pb_image][\/et_pb_column][et_pb_column type=\u00a0\u00bb1_2&Prime; _builder_version=\u00a0\u00bb4.24.0&Prime; _module_preset=\u00a0\u00bbdefault\u00a0\u00bb global_colors_info=\u00a0\u00bb{}\u00a0\u00bb][et_pb_heading title=\u00a0\u00bbBlogue\u00a0\u00bb module_class=\u00a0\u00bbboxCorners\u00a0\u00bb _builder_version=\u00a0\u00bb4.24.0&Prime; _module_preset=\u00a0\u00bbdefault\u00a0\u00bb title_font=\u00a0\u00bbTimes New Roman||||||||\u00a0\u00bb title_text_align=\u00a0\u00bbcenter\u00a0\u00bb title_text_color=\u00a0\u00bb#1F497D\u00a0\u00bb title_font_size=\u00a0\u00bb60px\u00a0\u00bb background_enable_color=\u00a0\u00bboff\u00a0\u00bb custom_margin=\u00a0\u00bb100px||90px||false|false\u00a0\u00bb global_colors_info=\u00a0\u00bb{}\u00a0\u00bb][\/et_pb_heading][et_pb_heading title=\u00a0\u00bbCe blog explore diverses questions linguistiques, se penche sur les erreurs courantes et propose des comparaisons d&rsquo;expressions idiomatiques. En outre, il fournit des suggestions et des conseils perspicaces li\u00e9s \u00e0 l&rsquo;\u00e9crit, ce qui en fait une ressource pr\u00e9cieuse pour les passionn\u00e9s de langues qui cherchent \u00e0 am\u00e9liorer leurs comp\u00e9tences en mati\u00e8re de communication.\u00a0\u00bb _builder_version=\u00a0\u00bb4.24.0&Prime; _module_preset=\u00a0\u00bbdefault\u00a0\u00bb title_level=\u00a0\u00bbh3&Prime; global_colors_info=\u00a0\u00bb{}\u00a0\u00bb][\/et_pb_heading][\/et_pb_column][\/et_pb_row][et_pb_row _builder_version=\u00a0\u00bb4.24.0&Prime; _module_preset=\u00a0\u00bbdefault\u00a0\u00bb custom_margin=\u00a0\u00bb45px||||false|false\u00a0\u00bb global_colors_info=\u00a0\u00bb{}\u00a0\u00bb][et_pb_column type=\u00a0\u00bb4_4&Prime; _builder_version=\u00a0\u00bb4.24.0&Prime; _module_preset=\u00a0\u00bbdefault\u00a0\u00bb global_colors_info=\u00a0\u00bb{}\u00a0\u00bb][et_pb_blog fullwidth=\u00a0\u00bboff\u00a0\u00bb posts_number=\u00a0\u00bb12&Prime; include_categories=\u00a0\u00bball\u00a0\u00bb show_more=\u00a0\u00bbon\u00a0\u00bb show_author=\u00a0\u00bboff\u00a0\u00bb show_categories=\u00a0\u00bboff\u00a0\u00bb _builder_version=\u00a0\u00bb4.27.4&Prime; _module_preset=\u00a0\u00bbdefault\u00a0\u00bb hover_enabled=\u00a0\u00bb0&Prime; global_colors_info=\u00a0\u00bb{}\u00a0\u00bb show_thumbnail=\u00a0\u00bboff\u00a0\u00bb sticky_enabled=\u00a0\u00bb0&Prime;][\/et_pb_blog][\/et_pb_column][\/et_pb_row][\/et_pb_section]<\/p>\n","protected":false},"excerpt":{"rendered":"","protected":false},"author":2,"featured_media":0,"parent":0,"menu_order":4,"comment_status":"closed","ping_status":"closed","template":"","meta":{"_et_pb_use_builder":"on","_et_pb_old_content":"","_et_gb_content_width":"","footnotes":""},"class_list":["post-434","page","type-page","status-publish","hentry"],"yoast_head":"<!-- This site is optimized with the Yoast SEO plugin v27.3 - https:\/\/yoast.com\/product\/yoast-seo-wordpress\/ -->\n<title>Blogue - Edouard Robitaille<\/title>\n<meta name=\"description\" content=\"Un blog traitant de questions linguistiques, d&#039;erreurs courantes, de comparaisons d&#039;expressions idiomatiques, de suggestions concernant l&#039;\u00e9crit, etc.\" \/>\n<meta name=\"robots\" content=\"noindex, follow, max-snippet:-1, max-image-preview:large, max-video-preview:-1\" \/>\n<meta property=\"og:locale\" content=\"fr_FR\" \/>\n<meta property=\"og:type\" content=\"article\" \/>\n<meta property=\"og:title\" content=\"Blogue - Edouard Robitaille\" \/>\n<meta property=\"og:description\" content=\"Un blog traitant de questions linguistiques, d&#039;erreurs courantes, de comparaisons d&#039;expressions idiomatiques, de suggestions concernant l&#039;\u00e9crit, etc.\" \/>\n<meta property=\"og:url\" content=\"https:\/\/tradoscribe.molecularcodedev.com\/fr\/blogue\/\" \/>\n<meta property=\"og:site_name\" content=\"Edouard Robitaille\" \/>\n<meta property=\"article:modified_time\" content=\"2025-02-12T06:48:36+00:00\" \/>\n<meta name=\"twitter:card\" content=\"summary_large_image\" \/>\n<meta name=\"twitter:label1\" content=\"Dur\u00e9e de lecture estim\u00e9e\" \/>\n\t<meta name=\"twitter:data1\" content=\"1 minute\" \/>\n<script type=\"application\/ld+json\" class=\"yoast-schema-graph\">{\"@context\":\"https:\\\/\\\/schema.org\",\"@graph\":[{\"@type\":\"WebPage\",\"@id\":\"https:\\\/\\\/tradoscribe.molecularcodedev.com\\\/fr\\\/blogue\\\/\",\"url\":\"https:\\\/\\\/tradoscribe.molecularcodedev.com\\\/fr\\\/blogue\\\/\",\"name\":\"Blogue - Edouard Robitaille\",\"isPartOf\":{\"@id\":\"https:\\\/\\\/tradoscribe.molecularcodedev.com\\\/fr\\\/#website\"},\"datePublished\":\"2024-01-23T18:48:08+00:00\",\"dateModified\":\"2025-02-12T06:48:36+00:00\",\"description\":\"Un blog traitant de questions linguistiques, d'erreurs courantes, de comparaisons d'expressions idiomatiques, de suggestions concernant l'\u00e9crit, etc.\",\"breadcrumb\":{\"@id\":\"https:\\\/\\\/tradoscribe.molecularcodedev.com\\\/fr\\\/blogue\\\/#breadcrumb\"},\"inLanguage\":\"fr-FR\",\"potentialAction\":[{\"@type\":\"ReadAction\",\"target\":[\"https:\\\/\\\/tradoscribe.molecularcodedev.com\\\/fr\\\/blogue\\\/\"]}]},{\"@type\":\"BreadcrumbList\",\"@id\":\"https:\\\/\\\/tradoscribe.molecularcodedev.com\\\/fr\\\/blogue\\\/#breadcrumb\",\"itemListElement\":[{\"@type\":\"ListItem\",\"position\":1,\"name\":\"Home\",\"item\":\"https:\\\/\\\/tradoscribe.molecularcodedev.com\\\/fr\\\/\"},{\"@type\":\"ListItem\",\"position\":2,\"name\":\"Blogue\"}]},{\"@type\":\"WebSite\",\"@id\":\"https:\\\/\\\/tradoscribe.molecularcodedev.com\\\/fr\\\/#website\",\"url\":\"https:\\\/\\\/tradoscribe.molecularcodedev.com\\\/fr\\\/\",\"name\":\"TraDoScribe\",\"description\":\"French \\\/ English Translation\",\"publisher\":{\"@id\":\"https:\\\/\\\/tradoscribe.molecularcodedev.com\\\/fr\\\/#organization\"},\"potentialAction\":[{\"@type\":\"SearchAction\",\"target\":{\"@type\":\"EntryPoint\",\"urlTemplate\":\"https:\\\/\\\/tradoscribe.molecularcodedev.com\\\/fr\\\/?s={search_term_string}\"},\"query-input\":{\"@type\":\"PropertyValueSpecification\",\"valueRequired\":true,\"valueName\":\"search_term_string\"}}],\"inLanguage\":\"fr-FR\"},{\"@type\":\"Organization\",\"@id\":\"https:\\\/\\\/tradoscribe.molecularcodedev.com\\\/fr\\\/#organization\",\"name\":\"TraDoScribe\",\"url\":\"https:\\\/\\\/tradoscribe.molecularcodedev.com\\\/fr\\\/\",\"logo\":{\"@type\":\"ImageObject\",\"inLanguage\":\"fr-FR\",\"@id\":\"https:\\\/\\\/tradoscribe.molecularcodedev.com\\\/fr\\\/#\\\/schema\\\/logo\\\/image\\\/\",\"url\":\"https:\\\/\\\/tradoscribe.molecularcodedev.com\\\/wp-content\\\/uploads\\\/2023\\\/10\\\/logo.jpg\",\"contentUrl\":\"https:\\\/\\\/tradoscribe.molecularcodedev.com\\\/wp-content\\\/uploads\\\/2023\\\/10\\\/logo.jpg\",\"width\":760,\"height\":97,\"caption\":\"TraDoScribe\"},\"image\":{\"@id\":\"https:\\\/\\\/tradoscribe.molecularcodedev.com\\\/fr\\\/#\\\/schema\\\/logo\\\/image\\\/\"},\"sameAs\":[\"https:\\\/\\\/ca.linkedin.com\\\/in\\\/tradoscribe\"]}]}<\/script>\n<!-- \/ Yoast SEO plugin. -->","yoast_head_json":{"title":"Blogue - Edouard Robitaille","description":"Un blog traitant de questions linguistiques, d'erreurs courantes, de comparaisons d'expressions idiomatiques, de suggestions concernant l'\u00e9crit, etc.","robots":{"index":"noindex","follow":"follow","max-snippet":"max-snippet:-1","max-image-preview":"max-image-preview:large","max-video-preview":"max-video-preview:-1"},"og_locale":"fr_FR","og_type":"article","og_title":"Blogue - Edouard Robitaille","og_description":"Un blog traitant de questions linguistiques, d'erreurs courantes, de comparaisons d'expressions idiomatiques, de suggestions concernant l'\u00e9crit, etc.","og_url":"https:\/\/tradoscribe.molecularcodedev.com\/fr\/blogue\/","og_site_name":"Edouard Robitaille","article_modified_time":"2025-02-12T06:48:36+00:00","twitter_card":"summary_large_image","twitter_misc":{"Dur\u00e9e de lecture estim\u00e9e":"1 minute"},"schema":{"@context":"https:\/\/schema.org","@graph":[{"@type":"WebPage","@id":"https:\/\/tradoscribe.molecularcodedev.com\/fr\/blogue\/","url":"https:\/\/tradoscribe.molecularcodedev.com\/fr\/blogue\/","name":"Blogue - Edouard Robitaille","isPartOf":{"@id":"https:\/\/tradoscribe.molecularcodedev.com\/fr\/#website"},"datePublished":"2024-01-23T18:48:08+00:00","dateModified":"2025-02-12T06:48:36+00:00","description":"Un blog traitant de questions linguistiques, d'erreurs courantes, de comparaisons d'expressions idiomatiques, de suggestions concernant l'\u00e9crit, etc.","breadcrumb":{"@id":"https:\/\/tradoscribe.molecularcodedev.com\/fr\/blogue\/#breadcrumb"},"inLanguage":"fr-FR","potentialAction":[{"@type":"ReadAction","target":["https:\/\/tradoscribe.molecularcodedev.com\/fr\/blogue\/"]}]},{"@type":"BreadcrumbList","@id":"https:\/\/tradoscribe.molecularcodedev.com\/fr\/blogue\/#breadcrumb","itemListElement":[{"@type":"ListItem","position":1,"name":"Home","item":"https:\/\/tradoscribe.molecularcodedev.com\/fr\/"},{"@type":"ListItem","position":2,"name":"Blogue"}]},{"@type":"WebSite","@id":"https:\/\/tradoscribe.molecularcodedev.com\/fr\/#website","url":"https:\/\/tradoscribe.molecularcodedev.com\/fr\/","name":"TraDoScribe","description":"French \/ English Translation","publisher":{"@id":"https:\/\/tradoscribe.molecularcodedev.com\/fr\/#organization"},"potentialAction":[{"@type":"SearchAction","target":{"@type":"EntryPoint","urlTemplate":"https:\/\/tradoscribe.molecularcodedev.com\/fr\/?s={search_term_string}"},"query-input":{"@type":"PropertyValueSpecification","valueRequired":true,"valueName":"search_term_string"}}],"inLanguage":"fr-FR"},{"@type":"Organization","@id":"https:\/\/tradoscribe.molecularcodedev.com\/fr\/#organization","name":"TraDoScribe","url":"https:\/\/tradoscribe.molecularcodedev.com\/fr\/","logo":{"@type":"ImageObject","inLanguage":"fr-FR","@id":"https:\/\/tradoscribe.molecularcodedev.com\/fr\/#\/schema\/logo\/image\/","url":"https:\/\/tradoscribe.molecularcodedev.com\/wp-content\/uploads\/2023\/10\/logo.jpg","contentUrl":"https:\/\/tradoscribe.molecularcodedev.com\/wp-content\/uploads\/2023\/10\/logo.jpg","width":760,"height":97,"caption":"TraDoScribe"},"image":{"@id":"https:\/\/tradoscribe.molecularcodedev.com\/fr\/#\/schema\/logo\/image\/"},"sameAs":["https:\/\/ca.linkedin.com\/in\/tradoscribe"]}]}},"_links":{"self":[{"href":"https:\/\/tradoscribe.molecularcodedev.com\/fr\/wp-json\/wp\/v2\/pages\/434","targetHints":{"allow":["GET"]}}],"collection":[{"href":"https:\/\/tradoscribe.molecularcodedev.com\/fr\/wp-json\/wp\/v2\/pages"}],"about":[{"href":"https:\/\/tradoscribe.molecularcodedev.com\/fr\/wp-json\/wp\/v2\/types\/page"}],"author":[{"embeddable":true,"href":"https:\/\/tradoscribe.molecularcodedev.com\/fr\/wp-json\/wp\/v2\/users\/2"}],"replies":[{"embeddable":true,"href":"https:\/\/tradoscribe.molecularcodedev.com\/fr\/wp-json\/wp\/v2\/comments?post=434"}],"version-history":[{"count":5,"href":"https:\/\/tradoscribe.molecularcodedev.com\/fr\/wp-json\/wp\/v2\/pages\/434\/revisions"}],"predecessor-version":[{"id":489,"href":"https:\/\/tradoscribe.molecularcodedev.com\/fr\/wp-json\/wp\/v2\/pages\/434\/revisions\/489"}],"wp:attachment":[{"href":"https:\/\/tradoscribe.molecularcodedev.com\/fr\/wp-json\/wp\/v2\/media?parent=434"}],"curies":[{"name":"wp","href":"https:\/\/api.w.org\/{rel}","templated":true}]}}